{"id":491,"date":"2024-05-14T15:24:28","date_gmt":"2024-05-14T13:24:28","guid":{"rendered":"https:\/\/shecoach.eu\/das-projekt\/"},"modified":"2024-06-15T09:31:27","modified_gmt":"2024-06-15T07:31:27","slug":"das-projekt","status":"publish","type":"page","link":"https:\/\/shecoach.eu\/de\/das-projekt\/","title":{"rendered":"Das Projekt"},"content":{"rendered":"\t\t<div data-elementor-type=\"wp-page\" data-elementor-id=\"491\" class=\"elementor elementor-491 elementor-51\" data-elementor-post-type=\"page\">\n\t\t\t\t<div class=\"elementor-element elementor-element-93d911b e-flex e-con-boxed e-con e-parent\" data-id=\"93d911b\" data-element_type=\"container\">\n\t\t\t\t\t<div class=\"e-con-inner\">\n\t\t\t\t<div class=\"elementor-element elementor-element-efbb3a1 elementor-widget elementor-widget-heading\" data-id=\"efbb3a1\" data-element_type=\"widget\" data-widget_type=\"heading.default\">\n\t\t\t\t<div class=\"elementor-widget-container\">\n\t\t\t\t\t<h2 class=\"elementor-heading-title elementor-size-default\">Entdecken Sie SheCOACH und erfahren Sie mehr \u00fcber unsere Mission, Ziele und Strategien zur F\u00f6rderung der Gleichstellung der Geschlechter im Sportcoaching.<\/h2>\t\t\t\t<\/div>\n\t\t\t\t<\/div>\n\t\t\t\t<div class=\"elementor-element elementor-element-7ab5c1a elementor-widget elementor-widget-text-editor\" data-id=\"7ab5c1a\" data-element_type=\"widget\" data-widget_type=\"text-editor.default\">\n\t\t\t\t<div class=\"elementor-widget-container\">\n\t\t\t\t\t\t\t\t\t<p>Entdecken Sie, wie wir das Bewusstsein sch\u00e4rfen, Bildungsanbieter st\u00e4rken und uns f\u00fcr Richtlinien\u00e4nderungen einsetzen, um ein integrativeres Umfeld f\u00fcr Trainer aller Geschlechter zu schaffen.<\/p>\n<p>Wir arbeiten eng mit nationalen und regionalen Basketball- und anderen Sportverb\u00e4nden und -vereinigungen sowie mit Trainerausbildungsanbietern wie Universit\u00e4ten, Berufsbildungszentren und privaten Organisationen zusammen. Wir arbeiten auch mit politischen Entscheidungstr\u00e4gern und Sportverb\u00e4nden zusammen, um den Dialog \u00fcber Inklusivit\u00e4t und Exzellenz zu f\u00f6rdern. Wir arbeiten auch mit Sportvereinen, Schulen und Gemeinden zusammen, um positive Ver\u00e4nderungen herbeizuf\u00fchren . Letztendlich ist es unser Ziel, das Leben von Trainern, Sportlern und der breiteren Gemeinschaft zu verbessern. Bauen Sie mit uns eine bessere Zukunft f\u00fcr das Sport-Coaching in Europa und dar\u00fcber hinaus auf!    <\/p>\n\t\t\t\t\t\t\t\t<\/div>\n\t\t\t\t<\/div>\n\t\t\t\t<div class=\"elementor-element elementor-element-ab664ed elementor-widget elementor-widget-heading\" data-id=\"ab664ed\" data-element_type=\"widget\" data-widget_type=\"heading.default\">\n\t\t\t\t<div class=\"elementor-widget-container\">\n\t\t\t\t\t<h2 class=\"elementor-heading-title elementor-size-default\">Ziele<\/h2>\t\t\t\t<\/div>\n\t\t\t\t<\/div>\n\t\t\t\t<div class=\"elementor-element elementor-element-e11bca9 elementor-widget elementor-widget-text-editor\" data-id=\"e11bca9\" data-element_type=\"widget\" data-widget_type=\"text-editor.default\">\n\t\t\t\t<div class=\"elementor-widget-container\">\n\t\t\t\t\t\t\t\t\t<p>Integration geschlechtsspezifischer Themen: Unser Ziel ist es, geschlechtsspezifische Themen und Probleme in den Mittelpunkt der Lehrpl\u00e4ne und Ausbildungsprogramme f\u00fcr Sporttrainer zu r\u00fccken.<\/p>\n<p>St\u00e4rkung der Bildungsanbieter: Durch die F\u00f6rderung des Bewusstseins und der F\u00e4higkeiten von Bildungsanbietern in der Trainerausbildung m\u00f6chten wir ihnen die Werkzeuge an die Hand geben, die sie f\u00fcr die wirksame Einbeziehung geschlechtsbezogener Elemente ben\u00f6tigen.<\/p>\n\t\t\t\t\t\t\t\t<\/div>\n\t\t\t\t<\/div>\n\t\t\t\t<div class=\"elementor-element elementor-element-e770d1b elementor-widget elementor-widget-heading\" data-id=\"e770d1b\" data-element_type=\"widget\" data-widget_type=\"heading.default\">\n\t\t\t\t<div class=\"elementor-widget-container\">\n\t\t\t\t\t<h2 class=\"elementor-heading-title elementor-size-default\">Politisches Engagement<\/h2>\t\t\t\t<\/div>\n\t\t\t\t<\/div>\n\t\t\t\t<div class=\"elementor-element elementor-element-84f6d7a elementor-widget elementor-widget-text-editor\" data-id=\"84f6d7a\" data-element_type=\"widget\" data-widget_type=\"text-editor.default\">\n\t\t\t\t<div class=\"elementor-widget-container\">\n\t\t\t\t\t\t\t\t\t<p>SheCOACH setzt sich f\u00fcr die Entwicklung und Umsetzung von Richtlinien durch nationale Bildungs- und Sportbeh\u00f6rden ein und f\u00f6rdert die Einbeziehung der Geschlechter in Trainerausbildungssyste me.<\/p>\n<p>F\u00f6rderung der Beteiligung von Frauen: Ein zentraler Bestandteil unserer Mission ist die F\u00f6rderung der Beteiligung von Frauen an der Trainerausbildung, um Chancengleichheit und Repr\u00e4sentation zu gew\u00e4hrleisten.<\/p>\n\t\t\t\t\t\t\t\t<\/div>\n\t\t\t\t<\/div>\n\t\t\t\t<div class=\"elementor-element elementor-element-dfe7e1e elementor-widget elementor-widget-heading\" data-id=\"dfe7e1e\" data-element_type=\"widget\" data-widget_type=\"heading.default\">\n\t\t\t\t<div class=\"elementor-widget-container\">\n\t\t\t\t\t<h2 class=\"elementor-heading-title elementor-size-default\">Barrieren durchbrechen<\/h2>\t\t\t\t<\/div>\n\t\t\t\t<\/div>\n\t\t\t\t<div class=\"elementor-element elementor-element-fab089c elementor-widget elementor-widget-text-editor\" data-id=\"fab089c\" data-element_type=\"widget\" data-widget_type=\"text-editor.default\">\n\t\t\t\t<div class=\"elementor-widget-container\">\n\t\t\t\t\t\t\t\t\t<p>Wir sind bestrebt, Sportvereine, Akademien und Schulen f\u00fcr die Vorteile des Einsatzes von weiblichen Trainern zu sensibilisieren, insbesondere in traditionell von M\u00e4nnern dominierten Sportarten wie Basketball .<\/p>\n\t\t\t\t\t\t\t\t<\/div>\n\t\t\t\t<\/div>\n\t\t\t\t<div class=\"elementor-element elementor-element-151d88b elementor-widget elementor-widget-heading\" data-id=\"151d88b\" data-element_type=\"widget\" data-widget_type=\"heading.default\">\n\t\t\t\t<div class=\"elementor-widget-container\">\n\t\t\t\t\t<h2 class=\"elementor-heading-title elementor-size-default\">Ansatz<\/h2>\t\t\t\t<\/div>\n\t\t\t\t<\/div>\n\t\t\t\t<div class=\"elementor-element elementor-element-c6795e3 elementor-widget elementor-widget-text-editor\" data-id=\"c6795e3\" data-element_type=\"widget\" data-widget_type=\"text-editor.default\">\n\t\t\t\t<div class=\"elementor-widget-container\">\n\t\t\t\t\t\t\t\t\t<p>SheCOACH verfolgt zur Erreichung seiner Ziele einen umfassenden Ansatz und setzt dabei die folgenden Schl\u00fcsselstrategien ein:<br \/>Empfehlungen f\u00fcr Bildungsanbieter: Bereitstellung ma\u00dfgeschneiderter Empfehlungen f\u00fcr Trainerausbildungsanbieter, um Genderthemen nahtlos in ihre Kurse und Lehrpl\u00e4ne zu integrieren.<\/p><\/p>\n\t\t\t\t\t\t\t\t<\/div>\n\t\t\t\t<\/div>\n\t\t\t\t<div class=\"elementor-element elementor-element-9b85cfc elementor-widget elementor-widget-heading\" data-id=\"9b85cfc\" data-element_type=\"widget\" data-widget_type=\"heading.default\">\n\t\t\t\t<div class=\"elementor-widget-container\">\n\t\t\t\t\t<h2 class=\"elementor-heading-title elementor-size-default\">Online-Kapazit\u00e4tenaufbau<\/h2>\t\t\t\t<\/div>\n\t\t\t\t<\/div>\n\t\t\t\t<div class=\"elementor-element elementor-element-0d8d087 elementor-widget elementor-widget-text-editor\" data-id=\"0d8d087\" data-element_type=\"widget\" data-widget_type=\"text-editor.default\">\n\t\t\t\t<div class=\"elementor-widget-container\">\n\t\t\t\t\t\t\t\t\t<p><span style=\"color: var( --e-global-color-text ); font-family: var( --e-global-typography-text-font-family ), Sans-serif; font-weight: var( --e-global-typography-text-font-weight ); text-align: var(--text-align); background-color: var( --e-global-color-2b24373 ); font-size: 1rem;\">Angebot eines Online-Kapazit\u00e4tenaufbauprogramms, das darauf abzielt, die Gender-Mainstreaming-Kompetenzen von Coaching-Ausbildungsanbietern zu verbessern.<\/span><\/p><\/p>\n\t\t\t\t\t\t\t\t<\/div>\n\t\t\t\t<\/div>\n\t\t\t\t<div class=\"elementor-element elementor-element-3982593 elementor-widget elementor-widget-heading\" data-id=\"3982593\" data-element_type=\"widget\" data-widget_type=\"heading.default\">\n\t\t\t\t<div class=\"elementor-widget-container\">\n\t\t\t\t\t<h2 class=\"elementor-heading-title elementor-size-default\">Entwicklung eines Rahmens<\/h2>\t\t\t\t<\/div>\n\t\t\t\t<\/div>\n\t\t\t\t<div class=\"elementor-element elementor-element-a332954 elementor-widget elementor-widget-text-editor\" data-id=\"a332954\" data-element_type=\"widget\" data-widget_type=\"text-editor.default\">\n\t\t\t\t<div class=\"elementor-widget-container\">\n\t\t\t\t\t\t\t\t\t<p>Entwicklung eines robusten Rahmens f\u00fcr Gender Mainstreaming in der Trainerausbildung, der als Leitfaden f\u00fcr P\u00e4dagogen und politische Entscheidungstr\u00e4ger dienen soll.<\/p>\n\t\t\t\t\t\t\t\t<\/div>\n\t\t\t\t<\/div>\n\t\t\t\t<div class=\"elementor-element elementor-element-f7daf62 elementor-widget elementor-widget-heading\" data-id=\"f7daf62\" data-element_type=\"widget\" data-widget_type=\"heading.default\">\n\t\t\t\t<div class=\"elementor-widget-container\">\n\t\t\t\t\t<h2 class=\"elementor-heading-title elementor-size-default\">Verbreitung und Bewusstseinsbildung<\/h2>\t\t\t\t<\/div>\n\t\t\t\t<\/div>\n\t\t\t\t<div class=\"elementor-element elementor-element-8b585f3 elementor-widget elementor-widget-text-editor\" data-id=\"8b585f3\" data-element_type=\"widget\" data-widget_type=\"text-editor.default\">\n\t\t\t\t<div class=\"elementor-widget-container\">\n\t\t\t\t\t\t\t\t\t<p><span style=\"color: var( --e-global-color-text ); font-family: var( --e-global-typography-text-font-family ), Sans-serif; font-weight: var( --e-global-typography-text-font-weight ); text-align: var(--text-align); background-color: var( --e-global-color-2b24373 ); font-size: 1rem;\">Durchf\u00fchrung umfassender Verbreitungs- und Bewusstseinsbildungsma\u00dfnahmen, um verschiedene Interessengruppen und Gemeinschaften zu erreichen.<\/span><\/p>\n\t\t\t\t\t\t\t\t<\/div>\n\t\t\t\t<\/div>\n\t\t\t\t\t<\/div>\n\t\t\t\t<\/div>\n\t\t\t\t<\/div>\n\t\t","protected":false},"excerpt":{"rendered":"<p>Entdecken Sie SheCOACH und erfahren Sie mehr \u00fcber unsere Mission, Ziele und Strategien zur F\u00f6rderung der Gleichstellung der Geschlechter im Sportcoaching. Entdecken Sie, wie wir das Bewusstsein sch\u00e4rfen, Bildungsanbieter st\u00e4rken und uns f\u00fcr Richtlinien\u00e4nderungen einsetzen, um ein integrativeres Umfeld f\u00fcr Trainer aller Geschlechter zu schaffen. Wir arbeiten eng mit nationalen und regionalen Basketball- und anderen [&hellip;]<\/p>\n","protected":false},"author":1,"featured_media":0,"parent":0,"menu_order":0,"comment_status":"closed","ping_status":"closed","template":"","meta":{"footnotes":""},"class_list":["post-491","page","type-page","status-publish","hentry"],"_links":{"self":[{"href":"https:\/\/shecoach.eu\/de\/wp-json\/wp\/v2\/pages\/491","targetHints":{"allow":["GET"]}}],"collection":[{"href":"https:\/\/shecoach.eu\/de\/wp-json\/wp\/v2\/pages"}],"about":[{"href":"https:\/\/shecoach.eu\/de\/wp-json\/wp\/v2\/types\/page"}],"author":[{"embeddable":true,"href":"https:\/\/shecoach.eu\/de\/wp-json\/wp\/v2\/users\/1"}],"replies":[{"embeddable":true,"href":"https:\/\/shecoach.eu\/de\/wp-json\/wp\/v2\/comments?post=491"}],"version-history":[{"count":1,"href":"https:\/\/shecoach.eu\/de\/wp-json\/wp\/v2\/pages\/491\/revisions"}],"predecessor-version":[{"id":492,"href":"https:\/\/shecoach.eu\/de\/wp-json\/wp\/v2\/pages\/491\/revisions\/492"}],"wp:attachment":[{"href":"https:\/\/shecoach.eu\/de\/wp-json\/wp\/v2\/media?parent=491"}],"curies":[{"name":"wp","href":"https:\/\/api.w.org\/{rel}","templated":true}]}}