{"id":477,"date":"2024-05-14T15:24:28","date_gmt":"2024-05-14T13:24:28","guid":{"rendered":"https:\/\/shecoach.eu\/el-proyecto\/"},"modified":"2024-06-15T09:14:15","modified_gmt":"2024-06-15T07:14:15","slug":"el-proyecto","status":"publish","type":"page","link":"https:\/\/shecoach.eu\/es\/el-proyecto\/","title":{"rendered":"El proyecto"},"content":{"rendered":"\t\t<div data-elementor-type=\"wp-page\" data-elementor-id=\"477\" class=\"elementor elementor-477 elementor-51\" data-elementor-post-type=\"page\">\n\t\t\t\t<div class=\"elementor-element elementor-element-93d911b e-flex e-con-boxed e-con e-parent\" data-id=\"93d911b\" data-element_type=\"container\">\n\t\t\t\t\t<div class=\"e-con-inner\">\n\t\t\t\t<div class=\"elementor-element elementor-element-efbb3a1 elementor-widget elementor-widget-heading\" data-id=\"efbb3a1\" data-element_type=\"widget\" data-widget_type=\"heading.default\">\n\t\t\t\t<div class=\"elementor-widget-container\">\n\t\t\t\t\t<h2 class=\"elementor-heading-title elementor-size-default\">Descubra SheCOACH y conozca nuestra misi\u00f3n, objetivos y estrategias para promover la igualdad de g\u00e9nero en el entrenamiento deportivo.<\/h2>\t\t\t\t<\/div>\n\t\t\t\t<\/div>\n\t\t\t\t<div class=\"elementor-element elementor-element-7ab5c1a elementor-widget elementor-widget-text-editor\" data-id=\"7ab5c1a\" data-element_type=\"widget\" data-widget_type=\"text-editor.default\">\n\t\t\t\t<div class=\"elementor-widget-container\">\n\t\t\t\t\t\t\t\t\t<p>Descubra c\u00f3mo estamos mejorando la concienciaci\u00f3n, empoderando a los proveedores educativos y abogando por cambios de pol\u00edticas para crear un entorno m\u00e1s inclusivo para entrenadores de todos los g\u00e9neros.<\/p>\n<p>Trabajamos en estrecha colaboraci\u00f3n con federaciones y asociaciones nacionales y regionales de baloncesto (y otros deportes), as\u00ed como con proveedores de formaci\u00f3n de entrenadores, como universidades, centros de formaci\u00f3n profesional y organizaciones privadas. Tambi\u00e9n trabajamos con responsables pol\u00edticos y \u00f3rganos rectores del deporte para promover el di\u00e1logo sobre inclusi\u00f3n y excelencia. Tambi\u00e9n nos asociamos con clubes deportivos, escuelas y comunidades para crear un cambio positivo. En \u00faltima instancia, nuestro objetivo es marcar una diferencia en las vidas de los entrenadores, los atletas y la comunidad en general. \u00a1\u00danase a nosotros para construir un futuro mejor para el entrenamiento deportivo en Europa y m\u00e1s all\u00e1!    <\/p>\n\t\t\t\t\t\t\t\t<\/div>\n\t\t\t\t<\/div>\n\t\t\t\t<div class=\"elementor-element elementor-element-ab664ed elementor-widget elementor-widget-heading\" data-id=\"ab664ed\" data-element_type=\"widget\" data-widget_type=\"heading.default\">\n\t\t\t\t<div class=\"elementor-widget-container\">\n\t\t\t\t\t<h2 class=\"elementor-heading-title elementor-size-default\">Objetivos<\/h2>\t\t\t\t<\/div>\n\t\t\t\t<\/div>\n\t\t\t\t<div class=\"elementor-element elementor-element-e11bca9 elementor-widget elementor-widget-text-editor\" data-id=\"e11bca9\" data-element_type=\"widget\" data-widget_type=\"text-editor.default\">\n\t\t\t\t<div class=\"elementor-widget-container\">\n\t\t\t\t\t\t\t\t\t<p>Integraci\u00f3n de temas espec\u00edficos de g\u00e9nero: nuestro objetivo es llegar a temas y cuestiones espec\u00edficos de g\u00e9nero en el n\u00facleo de los planes de estudio y programas educativos de entrenamiento deportivo.<\/p>\n<p>Empoderar a los proveedores de educaci\u00f3n: al promover la conciencia y las habilidades de los proveedores de educaci\u00f3n en la formaci\u00f3n de entrenadores, nuestro objetivo es equiparlos con las herramientas para incorporar elementos relacionados con el g\u00e9nero de manera efectiva.<\/p>\n\t\t\t\t\t\t\t\t<\/div>\n\t\t\t\t<\/div>\n\t\t\t\t<div class=\"elementor-element elementor-element-e770d1b elementor-widget elementor-widget-heading\" data-id=\"e770d1b\" data-element_type=\"widget\" data-widget_type=\"heading.default\">\n\t\t\t\t<div class=\"elementor-widget-container\">\n\t\t\t\t\t<h2 class=\"elementor-heading-title elementor-size-default\">Promoci\u00f3n de pol\u00edticas<\/h2>\t\t\t\t<\/div>\n\t\t\t\t<\/div>\n\t\t\t\t<div class=\"elementor-element elementor-element-84f6d7a elementor-widget elementor-widget-text-editor\" data-id=\"84f6d7a\" data-element_type=\"widget\" data-widget_type=\"text-editor.default\">\n\t\t\t\t<div class=\"elementor-widget-container\">\n\t\t\t\t\t\t\t\t\t<p>SheCOACH aboga por el desarrollo y la implementaci\u00f3n de pol\u00edticas por parte de las autoridades nacionales de educaci\u00f3n y deportes, promoviendo la inclusi\u00f3n de g\u00e9nero dentro de los sistemas educativos de entrenadores.<\/p>\n<p>Promoci\u00f3n de la participaci\u00f3n de las mujeres: Un elemento central de nuestra misi\u00f3n es la promoci\u00f3n de la participaci\u00f3n de las mujeres en la formaci\u00f3n de entrenadores, garantizando la igualdad de oportunidades y representaci\u00f3n.<\/p>\n\t\t\t\t\t\t\t\t<\/div>\n\t\t\t\t<\/div>\n\t\t\t\t<div class=\"elementor-element elementor-element-dfe7e1e elementor-widget elementor-widget-heading\" data-id=\"dfe7e1e\" data-element_type=\"widget\" data-widget_type=\"heading.default\">\n\t\t\t\t<div class=\"elementor-widget-container\">\n\t\t\t\t\t<h2 class=\"elementor-heading-title elementor-size-default\">Rompiendo barreras<\/h2>\t\t\t\t<\/div>\n\t\t\t\t<\/div>\n\t\t\t\t<div class=\"elementor-element elementor-element-fab089c elementor-widget elementor-widget-text-editor\" data-id=\"fab089c\" data-element_type=\"widget\" data-widget_type=\"text-editor.default\">\n\t\t\t\t<div class=\"elementor-widget-container\">\n\t\t\t\t\t\t\t\t\t<p>Nos esforzamos por crear conciencia entre los clubes deportivos, academias y escuelas sobre los beneficios de incluir mujeres entrenadoras, particularmente en deportes tradicionalmente dominados por hombres como el baloncesto.<\/p>\n\t\t\t\t\t\t\t\t<\/div>\n\t\t\t\t<\/div>\n\t\t\t\t<div class=\"elementor-element elementor-element-151d88b elementor-widget elementor-widget-heading\" data-id=\"151d88b\" data-element_type=\"widget\" data-widget_type=\"heading.default\">\n\t\t\t\t<div class=\"elementor-widget-container\">\n\t\t\t\t\t<h2 class=\"elementor-heading-title elementor-size-default\">Acercarse<\/h2>\t\t\t\t<\/div>\n\t\t\t\t<\/div>\n\t\t\t\t<div class=\"elementor-element elementor-element-c6795e3 elementor-widget elementor-widget-text-editor\" data-id=\"c6795e3\" data-element_type=\"widget\" data-widget_type=\"text-editor.default\">\n\t\t\t\t<div class=\"elementor-widget-container\">\n\t\t\t\t\t\t\t\t\t<p>SheCOACH utiliza un enfoque integral para lograr sus objetivos, empleando las siguientes estrategias clave:<br \/>Recomendaciones para proveedores de educaci\u00f3n: Proporcionar recomendaciones personalizadas para que los proveedores de educaci\u00f3n de entrenadores integren las cuestiones de g\u00e9nero sin problemas en sus cursos y planes de estudio.<\/p><\/p>\n\t\t\t\t\t\t\t\t<\/div>\n\t\t\t\t<\/div>\n\t\t\t\t<div class=\"elementor-element elementor-element-9b85cfc elementor-widget elementor-widget-heading\" data-id=\"9b85cfc\" data-element_type=\"widget\" data-widget_type=\"heading.default\">\n\t\t\t\t<div class=\"elementor-widget-container\">\n\t\t\t\t\t<h2 class=\"elementor-heading-title elementor-size-default\">Desarrollo de capacidades en l\u00ednea<\/h2>\t\t\t\t<\/div>\n\t\t\t\t<\/div>\n\t\t\t\t<div class=\"elementor-element elementor-element-0d8d087 elementor-widget elementor-widget-text-editor\" data-id=\"0d8d087\" data-element_type=\"widget\" data-widget_type=\"text-editor.default\">\n\t\t\t\t<div class=\"elementor-widget-container\">\n\t\t\t\t\t\t\t\t\t<p><span style=\"color: var( --e-global-color-text ); font-family: var( --e-global-typography-text-font-family ), Sans-serif; font-weight: var( --e-global-typography-text-font-weight ); text-align: var(--text-align); background-color: var( --e-global-color-2b24373 ); font-size: 1rem;\">Ofrecer un programa de desarrollo de capacidades en l\u00ednea dise\u00f1ado para mejorar las habilidades de integraci\u00f3n de g\u00e9nero de los proveedores de educaci\u00f3n de coaching.<\/span><\/p><\/p>\n\t\t\t\t\t\t\t\t<\/div>\n\t\t\t\t<\/div>\n\t\t\t\t<div class=\"elementor-element elementor-element-3982593 elementor-widget elementor-widget-heading\" data-id=\"3982593\" data-element_type=\"widget\" data-widget_type=\"heading.default\">\n\t\t\t\t<div class=\"elementor-widget-container\">\n\t\t\t\t\t<h2 class=\"elementor-heading-title elementor-size-default\">Desarrollo del programa<\/h2>\t\t\t\t<\/div>\n\t\t\t\t<\/div>\n\t\t\t\t<div class=\"elementor-element elementor-element-a332954 elementor-widget elementor-widget-text-editor\" data-id=\"a332954\" data-element_type=\"widget\" data-widget_type=\"text-editor.default\">\n\t\t\t\t<div class=\"elementor-widget-container\">\n\t\t\t\t\t\t\t\t\t<p>Desarrollar un programa s\u00f3lido para la incorporaci\u00f3n de la perspectiva de g\u00e9nero en la educaci\u00f3n de entrenadores, que sirva como herramienta de orientaci\u00f3n para educadores y formuladores de pol\u00edticas.<\/p>\n\t\t\t\t\t\t\t\t<\/div>\n\t\t\t\t<\/div>\n\t\t\t\t<div class=\"elementor-element elementor-element-f7daf62 elementor-widget elementor-widget-heading\" data-id=\"f7daf62\" data-element_type=\"widget\" data-widget_type=\"heading.default\">\n\t\t\t\t<div class=\"elementor-widget-container\">\n\t\t\t\t\t<h2 class=\"elementor-heading-title elementor-size-default\">Difusi\u00f3n y sensibilizaci\u00f3n<\/h2>\t\t\t\t<\/div>\n\t\t\t\t<\/div>\n\t\t\t\t<div class=\"elementor-element elementor-element-8b585f3 elementor-widget elementor-widget-text-editor\" data-id=\"8b585f3\" data-element_type=\"widget\" data-widget_type=\"text-editor.default\">\n\t\t\t\t<div class=\"elementor-widget-container\">\n\t\t\t\t\t\t\t\t\t<p><span style=\"color: var( --e-global-color-text ); font-family: var( --e-global-typography-text-font-family ), Sans-serif; font-weight: var( --e-global-typography-text-font-weight ); text-align: var(--text-align); background-color: var( --e-global-color-2b24373 ); font-size: 1rem;\">Participar en amplias actividades de difusi\u00f3n y sensibilizaci\u00f3n para llegar a diversas partes interesadas y comunidades.<\/span><\/p>\n\t\t\t\t\t\t\t\t<\/div>\n\t\t\t\t<\/div>\n\t\t\t\t\t<\/div>\n\t\t\t\t<\/div>\n\t\t\t\t<\/div>\n\t\t","protected":false},"excerpt":{"rendered":"<p>Descubra SheCOACH y conozca nuestra misi\u00f3n, objetivos y estrategias para promover la igualdad de g\u00e9nero en el entrenamiento deportivo. Descubra c\u00f3mo estamos mejorando la concienciaci\u00f3n, empoderando a los proveedores educativos y abogando por cambios de pol\u00edticas para crear un entorno m\u00e1s inclusivo para entrenadores de todos los g\u00e9neros. Trabajamos en estrecha colaboraci\u00f3n con federaciones y [&hellip;]<\/p>\n","protected":false},"author":1,"featured_media":0,"parent":0,"menu_order":0,"comment_status":"closed","ping_status":"closed","template":"","meta":{"footnotes":""},"class_list":["post-477","page","type-page","status-publish","hentry"],"_links":{"self":[{"href":"https:\/\/shecoach.eu\/es\/wp-json\/wp\/v2\/pages\/477","targetHints":{"allow":["GET"]}}],"collection":[{"href":"https:\/\/shecoach.eu\/es\/wp-json\/wp\/v2\/pages"}],"about":[{"href":"https:\/\/shecoach.eu\/es\/wp-json\/wp\/v2\/types\/page"}],"author":[{"embeddable":true,"href":"https:\/\/shecoach.eu\/es\/wp-json\/wp\/v2\/users\/1"}],"replies":[{"embeddable":true,"href":"https:\/\/shecoach.eu\/es\/wp-json\/wp\/v2\/comments?post=477"}],"version-history":[{"count":1,"href":"https:\/\/shecoach.eu\/es\/wp-json\/wp\/v2\/pages\/477\/revisions"}],"predecessor-version":[{"id":478,"href":"https:\/\/shecoach.eu\/es\/wp-json\/wp\/v2\/pages\/477\/revisions\/478"}],"wp:attachment":[{"href":"https:\/\/shecoach.eu\/es\/wp-json\/wp\/v2\/media?parent=477"}],"curies":[{"name":"wp","href":"https:\/\/api.w.org\/{rel}","templated":true}]}}