{"id":434,"date":"2024-05-14T15:24:28","date_gmt":"2024-05-14T13:24:28","guid":{"rendered":"https:\/\/shecoach.eu\/il-progetto\/"},"modified":"2024-06-14T18:21:16","modified_gmt":"2024-06-14T16:21:16","slug":"il-progetto","status":"publish","type":"page","link":"https:\/\/shecoach.eu\/it\/il-progetto\/","title":{"rendered":"Il progetto"},"content":{"rendered":"\t\t<div data-elementor-type=\"wp-page\" data-elementor-id=\"434\" class=\"elementor elementor-434 elementor-51\" data-elementor-post-type=\"page\">\n\t\t\t\t<div class=\"elementor-element elementor-element-93d911b e-flex e-con-boxed e-con e-parent\" data-id=\"93d911b\" data-element_type=\"container\">\n\t\t\t\t\t<div class=\"e-con-inner\">\n\t\t\t\t<div class=\"elementor-element elementor-element-efbb3a1 elementor-widget elementor-widget-heading\" data-id=\"efbb3a1\" data-element_type=\"widget\" data-widget_type=\"heading.default\">\n\t\t\t\t<div class=\"elementor-widget-container\">\n\t\t\t\t\t<h2 class=\"elementor-heading-title elementor-size-default\">Scopri SheCOACH e la nostra missione, i nostri obiettivi e le nostre strategie per promuovere l'uguaglianza di genere nell'allenamento sportivo.<\/h2>\t\t\t\t<\/div>\n\t\t\t\t<\/div>\n\t\t\t\t<div class=\"elementor-element elementor-element-7ab5c1a elementor-widget elementor-widget-text-editor\" data-id=\"7ab5c1a\" data-element_type=\"widget\" data-widget_type=\"text-editor.default\">\n\t\t\t\t<div class=\"elementor-widget-container\">\n\t\t\t\t\t\t\t\t\t<p>Scopri come stiamo migliorando la consapevolezza, dando potere agli operatori didattici e sostenendo cambiamenti politici per creare un ambiente pi\u00f9 inclusivo per gli allenatori di tutti i sessi<\/p>\n<p>Lavoriamo a stretto contatto con federazioni e associazioni nazionali e regionali di basket e altri sport, nonch\u00e9 con fornitori di formazione per allenatori come universit\u00e0, centri professionali e organizzazioni private. Collaboriamo inoltre con i policy maker e gli organi di governo dello sport per promuovere il dialogo sull\u2019inclusione e l\u2019eccellenza. Collaboriamo inoltre con club sportivi, scuole e comunit\u00e0 per creare cambiamenti positivi. In definitiva, il nostro obiettivo \u00e8 fare la differenza nella vita degli allenatori, degli atleti e della comunit\u00e0 in generale. Unisciti a noi nella costruzione di un futuro migliore per gli allenatori sportivi in Europa e oltre!    <\/p>\n\t\t\t\t\t\t\t\t<\/div>\n\t\t\t\t<\/div>\n\t\t\t\t<div class=\"elementor-element elementor-element-ab664ed elementor-widget elementor-widget-heading\" data-id=\"ab664ed\" data-element_type=\"widget\" data-widget_type=\"heading.default\">\n\t\t\t\t<div class=\"elementor-widget-container\">\n\t\t\t\t\t<h2 class=\"elementor-heading-title elementor-size-default\">Obiettivi<\/h2>\t\t\t\t<\/div>\n\t\t\t\t<\/div>\n\t\t\t\t<div class=\"elementor-element elementor-element-e11bca9 elementor-widget elementor-widget-text-editor\" data-id=\"e11bca9\" data-element_type=\"widget\" data-widget_type=\"text-editor.default\">\n\t\t\t\t<div class=\"elementor-widget-container\">\n\t\t\t\t\t\t\t\t\t<p>Integrazione di argomenti specifici di genere: miriamo a raggiungere argomenti e questioni specifici di genere al centro dei programmi di studio e dei programmi educativi degli allenatori sportivi.<\/p>\n<p>Dare potere agli operatori didattici: promuovendo la consapevolezza e le competenze degli operatori didattici nella formazione degli allenatori, miriamo a dotarli degli strumenti per incorporare in modo efficace gli elementi legati al genere.<\/p>\n\t\t\t\t\t\t\t\t<\/div>\n\t\t\t\t<\/div>\n\t\t\t\t<div class=\"elementor-element elementor-element-e770d1b elementor-widget elementor-widget-heading\" data-id=\"e770d1b\" data-element_type=\"widget\" data-widget_type=\"heading.default\">\n\t\t\t\t<div class=\"elementor-widget-container\">\n\t\t\t\t\t<h2 class=\"elementor-heading-title elementor-size-default\">Sostegno politico<\/h2>\t\t\t\t<\/div>\n\t\t\t\t<\/div>\n\t\t\t\t<div class=\"elementor-element elementor-element-84f6d7a elementor-widget elementor-widget-text-editor\" data-id=\"84f6d7a\" data-element_type=\"widget\" data-widget_type=\"text-editor.default\">\n\t\t\t\t<div class=\"elementor-widget-container\">\n\t\t\t\t\t\t\t\t\t<p>SheCOACH sostiene lo sviluppo e l&#8217;attuazione di politiche da parte delle autorit\u00e0 educative e sportive nazionali, promuovendo l&#8217;inclusione di genere all&#8217;interno dei sistemi di formazione degli allenatori.<\/p>\n<p>Promozione della partecipazione delle donne: fondamentale per la nostra missione \u00e8 la promozione della partecipazione delle donne alla formazione degli allenatori, garantendo pari opportunit\u00e0 e rappresentanza.<\/p>\n\t\t\t\t\t\t\t\t<\/div>\n\t\t\t\t<\/div>\n\t\t\t\t<div class=\"elementor-element elementor-element-dfe7e1e elementor-widget elementor-widget-heading\" data-id=\"dfe7e1e\" data-element_type=\"widget\" data-widget_type=\"heading.default\">\n\t\t\t\t<div class=\"elementor-widget-container\">\n\t\t\t\t\t<h2 class=\"elementor-heading-title elementor-size-default\">Abbattere le barriere<\/h2>\t\t\t\t<\/div>\n\t\t\t\t<\/div>\n\t\t\t\t<div class=\"elementor-element elementor-element-fab089c elementor-widget elementor-widget-text-editor\" data-id=\"fab089c\" data-element_type=\"widget\" data-widget_type=\"text-editor.default\">\n\t\t\t\t<div class=\"elementor-widget-container\">\n\t\t\t\t\t\t\t\t\t<p>Ci impegniamo a sensibilizzare i club sportivi, le accademie e le scuole sui vantaggi derivanti dall\u2019inclusione di allenatrici donne, in particolare negli sport tradizionalmente dominati dagli uomini come il basket.<\/p>\n\t\t\t\t\t\t\t\t<\/div>\n\t\t\t\t<\/div>\n\t\t\t\t<div class=\"elementor-element elementor-element-151d88b elementor-widget elementor-widget-heading\" data-id=\"151d88b\" data-element_type=\"widget\" data-widget_type=\"heading.default\">\n\t\t\t\t<div class=\"elementor-widget-container\">\n\t\t\t\t\t<h2 class=\"elementor-heading-title elementor-size-default\">Approccio<\/h2>\t\t\t\t<\/div>\n\t\t\t\t<\/div>\n\t\t\t\t<div class=\"elementor-element elementor-element-c6795e3 elementor-widget elementor-widget-text-editor\" data-id=\"c6795e3\" data-element_type=\"widget\" data-widget_type=\"text-editor.default\">\n\t\t\t\t<div class=\"elementor-widget-container\">\n\t\t\t\t\t\t\t\t\t<p>SheCOACH utilizza un approccio globale per raggiungere i suoi obiettivi, impiegando le seguenti strategie chiave:<br \/>Raccomandazioni per gli erogatori di formazione: fornire raccomandazioni personalizzate agli erogatori di formazione per allenatori per integrare perfettamente le questioni di genere nei loro corsi e programmi.<\/p><\/p>\n\t\t\t\t\t\t\t\t<\/div>\n\t\t\t\t<\/div>\n\t\t\t\t<div class=\"elementor-element elementor-element-9b85cfc elementor-widget elementor-widget-heading\" data-id=\"9b85cfc\" data-element_type=\"widget\" data-widget_type=\"heading.default\">\n\t\t\t\t<div class=\"elementor-widget-container\">\n\t\t\t\t\t<h2 class=\"elementor-heading-title elementor-size-default\">Sviluppo di capacit\u00e0 online<\/h2>\t\t\t\t<\/div>\n\t\t\t\t<\/div>\n\t\t\t\t<div class=\"elementor-element elementor-element-0d8d087 elementor-widget elementor-widget-text-editor\" data-id=\"0d8d087\" data-element_type=\"widget\" data-widget_type=\"text-editor.default\">\n\t\t\t\t<div class=\"elementor-widget-container\">\n\t\t\t\t\t\t\t\t\t<p><span style=\"color: var( --e-global-color-text ); font-family: var( --e-global-typography-text-font-family ), Sans-serif; font-weight: var( --e-global-typography-text-font-weight ); text-align: var(--text-align); background-color: var( --e-global-color-2b24373 ); font-size: 1rem;\">Offerta di un programma di sviluppo di capacit\u00e0 online progettato per migliorare le competenze di mainstreaming di genere degli erogatori di formazione di coaching.<\/span><\/p><\/p>\n\t\t\t\t\t\t\t\t<\/div>\n\t\t\t\t<\/div>\n\t\t\t\t<div class=\"elementor-element elementor-element-3982593 elementor-widget elementor-widget-heading\" data-id=\"3982593\" data-element_type=\"widget\" data-widget_type=\"heading.default\">\n\t\t\t\t<div class=\"elementor-widget-container\">\n\t\t\t\t\t<h2 class=\"elementor-heading-title elementor-size-default\">Sviluppo del quadro<\/h2>\t\t\t\t<\/div>\n\t\t\t\t<\/div>\n\t\t\t\t<div class=\"elementor-element elementor-element-a332954 elementor-widget elementor-widget-text-editor\" data-id=\"a332954\" data-element_type=\"widget\" data-widget_type=\"text-editor.default\">\n\t\t\t\t<div class=\"elementor-widget-container\">\n\t\t\t\t\t\t\t\t\t<p>Sviluppare un quadro solido per l\u2019integrazione della dimensione di genere nella formazione del coaching, che serva da strumento guida per educatori e responsabili politici.<\/p>\n\t\t\t\t\t\t\t\t<\/div>\n\t\t\t\t<\/div>\n\t\t\t\t<div class=\"elementor-element elementor-element-f7daf62 elementor-widget elementor-widget-heading\" data-id=\"f7daf62\" data-element_type=\"widget\" data-widget_type=\"heading.default\">\n\t\t\t\t<div class=\"elementor-widget-container\">\n\t\t\t\t\t<h2 class=\"elementor-heading-title elementor-size-default\">Diffusione e sensibilizzazione<\/h2>\t\t\t\t<\/div>\n\t\t\t\t<\/div>\n\t\t\t\t<div class=\"elementor-element elementor-element-8b585f3 elementor-widget elementor-widget-text-editor\" data-id=\"8b585f3\" data-element_type=\"widget\" data-widget_type=\"text-editor.default\">\n\t\t\t\t<div class=\"elementor-widget-container\">\n\t\t\t\t\t\t\t\t\t<p><span style=\"color: var( --e-global-color-text ); font-family: var( --e-global-typography-text-font-family ), Sans-serif; font-weight: var( --e-global-typography-text-font-weight ); text-align: var(--text-align); background-color: var( --e-global-color-2b24373 ); font-size: 1rem;\">Impegno in ampie attivit\u00e0 di diffusione e sensibilizzazione per raggiungere diverse parti interessate e comunit\u00e0<\/span><\/p>\n\t\t\t\t\t\t\t\t<\/div>\n\t\t\t\t<\/div>\n\t\t\t\t\t<\/div>\n\t\t\t\t<\/div>\n\t\t\t\t<\/div>\n\t\t","protected":false},"excerpt":{"rendered":"<p>Scopri SheCOACH e la nostra missione, i nostri obiettivi e le nostre strategie per promuovere l&#8217;uguaglianza di genere nell&#8217;allenamento sportivo. Scopri come stiamo migliorando la consapevolezza, dando potere agli operatori didattici e sostenendo cambiamenti politici per creare un ambiente pi\u00f9 inclusivo per gli allenatori di tutti i sessi Lavoriamo a stretto contatto con federazioni e [&hellip;]<\/p>\n","protected":false},"author":1,"featured_media":0,"parent":0,"menu_order":0,"comment_status":"closed","ping_status":"closed","template":"","meta":{"footnotes":""},"class_list":["post-434","page","type-page","status-publish","hentry"],"_links":{"self":[{"href":"https:\/\/shecoach.eu\/it\/wp-json\/wp\/v2\/pages\/434","targetHints":{"allow":["GET"]}}],"collection":[{"href":"https:\/\/shecoach.eu\/it\/wp-json\/wp\/v2\/pages"}],"about":[{"href":"https:\/\/shecoach.eu\/it\/wp-json\/wp\/v2\/types\/page"}],"author":[{"embeddable":true,"href":"https:\/\/shecoach.eu\/it\/wp-json\/wp\/v2\/users\/1"}],"replies":[{"embeddable":true,"href":"https:\/\/shecoach.eu\/it\/wp-json\/wp\/v2\/comments?post=434"}],"version-history":[{"count":1,"href":"https:\/\/shecoach.eu\/it\/wp-json\/wp\/v2\/pages\/434\/revisions"}],"predecessor-version":[{"id":435,"href":"https:\/\/shecoach.eu\/it\/wp-json\/wp\/v2\/pages\/434\/revisions\/435"}],"wp:attachment":[{"href":"https:\/\/shecoach.eu\/it\/wp-json\/wp\/v2\/media?parent=434"}],"curies":[{"name":"wp","href":"https:\/\/api.w.org\/{rel}","templated":true}]}}